{"id":8969,"date":"2025-07-19T09:11:13","date_gmt":"2025-07-19T08:11:13","guid":{"rendered":"http:\/\/evaken\/our-achievements\/"},"modified":"2026-02-12T21:23:20","modified_gmt":"2026-02-12T20:23:20","slug":"our-achievements","status":"publish","type":"page","link":"https:\/\/aevcpv.org\/en\/our-achievements\/","title":{"rendered":"Our Achievements"},"content":{"rendered":"\t\t<div data-elementor-type=\"wp-page\" data-elementor-id=\"8969\" class=\"elementor elementor-8969 elementor-8354\" data-elementor-post-type=\"page\">\n\t\t\t\t<div class=\"elementor-element elementor-element-3f78578 e-flex e-con-boxed e-con e-parent\" data-id=\"3f78578\" data-element_type=\"container\" data-e-type=\"container\">\n\t\t\t\t\t<div class=\"e-con-inner\">\n\t\t\t\t<div class=\"elementor-element elementor-element-b03c5c1 elementor-invisible elementor-widget elementor-widget-plantiva-blog-post-widget\" data-id=\"b03c5c1\" data-element_type=\"widget\" data-e-type=\"widget\" data-settings=\"{&quot;_animation&quot;:&quot;fadeInUp&quot;}\" data-widget_type=\"plantiva-blog-post-widget.default\">\n\t\t\t\t<div class=\"elementor-widget-container\">\n\t\t\t\t\t\n        \n        \n        <div class=\"row\">\n                        <div class=\"col-lg-4 col-md-6  \" >\n                <div class=\"news-box-items\">\n                    <div class=\"news-image\">\n\n                                                    <!-- <img decoding=\"async\" src=\"https:\/\/aevcpv.org\/wp-content\/uploads\/2025\/02\/featured7.jpeg\" alt=\"\"> -->\n                            <img decoding=\"async\" src=\"https:\/\/aevcpv.org\/wp-content\/uploads\/2025\/02\/featured7.jpeg\" alt=\"\">\n                        \n                        <!--                             <h6 class=\"date\">Feb25<span>2025<\/span><\/h6>\n                         -->\n                        <ul class=\"post-date\">\n                           \n                            <li>\n                                                        <h6 class=\"date\">Feb 25, 2025 <\/h6>\n                                                        <\/li>\n\n                            \n                            <!-- <li>\n                                <i class=\"fal fa-comments\"><\/i>\n                                Comments (0)\n                            <\/li> -->\n                            <!--  -->\n\n                                                   <\/ul>\n                        <!-- <ul class=\"post-auther\">\n                            <li>\n                                <i class=\"far fa-user-circle\"><\/i>\n                                admin                            <\/li>\n                        <\/ul> -->\n                    <\/div>\n                   \n                    <div class=\"news-content \">\n                       \n                      <h3 href=\"https:\/\/aevcpv.org\/en\/support-for-the-agricultural-sector\/\">Support for the agricultural sector<\/h3>\n                        <p>\n                            Support for the agricultural sector is a crucial lever to sustainably improve the living conditions of vulnerable populations. As the...                        <\/p>\n                        <a href=\"https:\/\/aevcpv.org\/en\/support-for-the-agricultural-sector\/\" class=\"link-btn\">\n                            <span>Read More<\/span> \n                            <!-- <i class=\"fas fa-chevron-right\"><\/i> -->\n                        <\/a>\n                    <\/div>\n                <\/div>\n            <\/div>\n                        <div class=\"col-lg-4 col-md-6  \" >\n                <div class=\"news-box-items\">\n                    <div class=\"news-image\">\n\n                                                    <!-- <img decoding=\"async\" src=\"https:\/\/aevcpv.org\/wp-content\/uploads\/2025\/02\/featured6.jpeg\" alt=\"\"> -->\n                            <img decoding=\"async\" src=\"https:\/\/aevcpv.org\/wp-content\/uploads\/2025\/02\/featured6.jpeg\" alt=\"\">\n                        \n                        <!--                             <h6 class=\"date\">Jan31<span>2025<\/span><\/h6>\n                         -->\n                        <ul class=\"post-date\">\n                           \n                            <li>\n                                                        <h6 class=\"date\">Jan 31, 2025 <\/h6>\n                                                        <\/li>\n\n                            \n                            <!-- <li>\n                                <i class=\"fal fa-comments\"><\/i>\n                                Comments (0)\n                            <\/li> -->\n                            <!--  -->\n\n                                                   <\/ul>\n                        <!-- <ul class=\"post-auther\">\n                            <li>\n                                <i class=\"far fa-user-circle\"><\/i>\n                                admin                            <\/li>\n                        <\/ul> -->\n                    <\/div>\n                   \n                    <div class=\"news-content \">\n                       \n                      <h3 href=\"https:\/\/aevcpv.org\/en\/for-a-dignified-and-united-burundi\/\">For a dignified and united Burundi<\/h3>\n                        <p>\n                            This photo illustrates a reality still too prevalent in certain regions of Burundi: precarious dwellings built with makeshift materials, which...                        <\/p>\n                        <a href=\"https:\/\/aevcpv.org\/en\/for-a-dignified-and-united-burundi\/\" class=\"link-btn\">\n                            <span>Read More<\/span> \n                            <!-- <i class=\"fas fa-chevron-right\"><\/i> -->\n                        <\/a>\n                    <\/div>\n                <\/div>\n            <\/div>\n                        <div class=\"col-lg-4 col-md-6  \" >\n                <div class=\"news-box-items\">\n                    <div class=\"news-image\">\n\n                                                    <!-- <img decoding=\"async\" src=\"https:\/\/aevcpv.org\/wp-content\/uploads\/2025\/06\/featured4.jpeg\" alt=\"\"> -->\n                            <img decoding=\"async\" src=\"https:\/\/aevcpv.org\/wp-content\/uploads\/2025\/06\/featured4.jpeg\" alt=\"\">\n                        \n                        <!--                             <h6 class=\"date\">Jun19<span>2025<\/span><\/h6>\n                         -->\n                        <ul class=\"post-date\">\n                           \n                            <li>\n                                                        <h6 class=\"date\">Jun 19, 2025 <\/h6>\n                                                        <\/li>\n\n                            \n                            <!-- <li>\n                                <i class=\"fal fa-comments\"><\/i>\n                                Comments (0)\n                            <\/li> -->\n                            <!--  -->\n\n                                                   <\/ul>\n                        <!-- <ul class=\"post-auther\">\n                            <li>\n                                <i class=\"far fa-user-circle\"><\/i>\n                                admin                            <\/li>\n                        <\/ul> -->\n                    <\/div>\n                   \n                    <div class=\"news-content \">\n                       \n                      <h3 href=\"https:\/\/aevcpv.org\/en\/strengthening-agricultural-cooperatives-in-gitega-province\/\">Strengthening Agricultural Cooperatives in Gitega Province<\/h3>\n                        <p>\n                            In Gitega province, several agricultural cooperatives play an essential role in improving the living conditions of local communities. These cooperatives...                        <\/p>\n                        <a href=\"https:\/\/aevcpv.org\/en\/strengthening-agricultural-cooperatives-in-gitega-province\/\" class=\"link-btn\">\n                            <span>Read More<\/span> \n                            <!-- <i class=\"fas fa-chevron-right\"><\/i> -->\n                        <\/a>\n                    <\/div>\n                <\/div>\n            <\/div>\n                        <div class=\"col-lg-4 col-md-6  \" >\n                <div class=\"news-box-items\">\n                    <div class=\"news-image\">\n\n                                                    <!-- <img decoding=\"async\" src=\"https:\/\/aevcpv.org\/wp-content\/uploads\/2025\/06\/featured2.jpeg\" alt=\"\"> -->\n                            <img decoding=\"async\" src=\"https:\/\/aevcpv.org\/wp-content\/uploads\/2025\/06\/featured2.jpeg\" alt=\"\">\n                        \n                        <!--                             <h6 class=\"date\">Jul19<span>2025<\/span><\/h6>\n                         -->\n                        <ul class=\"post-date\">\n                           \n                            <li>\n                                                        <h6 class=\"date\">Jul 19, 2025 <\/h6>\n                                                        <\/li>\n\n                            \n                            <!-- <li>\n                                <i class=\"fal fa-comments\"><\/i>\n                                Comments (0)\n                            <\/li> -->\n                            <!--  -->\n\n                                                   <\/ul>\n                        <!-- <ul class=\"post-auther\">\n                            <li>\n                                <i class=\"far fa-user-circle\"><\/i>\n                                admin                            <\/li>\n                        <\/ul> -->\n                    <\/div>\n                   \n                    <div class=\"news-content \">\n                       \n                      <h3 href=\"https:\/\/aevcpv.org\/en\/education-plays-a-fundamental-role\/\">Education plays a fundamental role<\/h3>\n                        <p>\n                            &nbsp; In this photo, we see children who have an urgent need to be fed and supported. Their situation highlights...                        <\/p>\n                        <a href=\"https:\/\/aevcpv.org\/en\/education-plays-a-fundamental-role\/\" class=\"link-btn\">\n                            <span>Read More<\/span> \n                            <!-- <i class=\"fas fa-chevron-right\"><\/i> -->\n                        <\/a>\n                    <\/div>\n                <\/div>\n            <\/div>\n                        <div class=\"col-lg-4 col-md-6  \" >\n                <div class=\"news-box-items\">\n                    <div class=\"news-image\">\n\n                                                    <!-- <img decoding=\"async\" src=\"https:\/\/aevcpv.org\/wp-content\/uploads\/2025\/06\/featured3.jpeg\" alt=\"\"> -->\n                            <img decoding=\"async\" src=\"https:\/\/aevcpv.org\/wp-content\/uploads\/2025\/06\/featured3.jpeg\" alt=\"\">\n                        \n                        <!--                             <h6 class=\"date\">May25<span>2025<\/span><\/h6>\n                         -->\n                        <ul class=\"post-date\">\n                           \n                            <li>\n                                                        <h6 class=\"date\">May 25, 2025 <\/h6>\n                                                        <\/li>\n\n                            \n                            <!-- <li>\n                                <i class=\"fal fa-comments\"><\/i>\n                                Comments (0)\n                            <\/li> -->\n                            <!--  -->\n\n                                                   <\/ul>\n                        <!-- <ul class=\"post-auther\">\n                            <li>\n                                <i class=\"far fa-user-circle\"><\/i>\n                                admin                            <\/li>\n                        <\/ul> -->\n                    <\/div>\n                   \n                    <div class=\"news-content \">\n                       \n                      <h3 href=\"https:\/\/aevcpv.org\/en\/supervisory-visit-to-cooperatives-in-minago\/\">Supervisory Visit to Cooperatives in Minago<\/h3>\n                        <p>\n                            The meeting was held in Minago with Ms. Jeanette Kwizera, who is responsible for the national management and supervision of...                        <\/p>\n                        <a href=\"https:\/\/aevcpv.org\/en\/supervisory-visit-to-cooperatives-in-minago\/\" class=\"link-btn\">\n                            <span>Read More<\/span> \n                            <!-- <i class=\"fas fa-chevron-right\"><\/i> -->\n                        <\/a>\n                    <\/div>\n                <\/div>\n            <\/div>\n                                <\/div>\n\n        \t\n\n        \t\t\t\t<\/div>\n\t\t\t\t<\/div>\n\t\t\t\t\t<\/div>\n\t\t\t\t<\/div>\n\t\t\t\t<\/div>\n\t\t","protected":false},"excerpt":{"rendered":"<p>Juin 19, 2025 Renforcement des coop\u00e9ratives agricoles dans la province de Gitega Dans la province de Gitega, plusieurs coop\u00e9ratives agricoles jouent un r\u00f4le essentiel dans l\u2019am\u00e9lioration des conditions de vie<\/p>\n","protected":false},"author":1,"featured_media":0,"parent":0,"menu_order":0,"comment_status":"closed","ping_status":"closed","template":"elementor_header_footer","meta":{"give_campaign_id":0,"inline_featured_image":false,"_price":"","_stock":"","_tribe_ticket_header":"","_tribe_default_ticket_provider":"","_tribe_ticket_capacity":"0","_ticket_start_date":"","_ticket_end_date":"","_tribe_ticket_show_description":"","_tribe_ticket_show_not_going":false,"_tribe_ticket_use_global_stock":"","_tribe_ticket_global_stock_level":"","_global_stock_mode":"","_global_stock_cap":"","_tribe_rsvp_for_event":"","_tribe_ticket_going_count":"","_tribe_ticket_not_going_count":"","_tribe_tickets_list":"[]","_tribe_ticket_has_attendee_info_fields":false,"footnotes":"","_tec_slr_enabled":"","_tec_slr_layout":""},"class_list":["post-8969","page","type-page","status-publish","hentry"],"yoast_head":"<!-- This site is optimized with the Yoast SEO plugin v27.3 - https:\/\/yoast.com\/product\/yoast-seo-wordpress\/ -->\n<title>Our Achievements - AEVCPV<\/title>\n<meta name=\"robots\" content=\"index, follow, max-snippet:-1, max-image-preview:large, max-video-preview:-1\" \/>\n<link rel=\"canonical\" href=\"https:\/\/aevcpv.org\/en\/our-achievements\/\" \/>\n<meta property=\"og:locale\" content=\"en_US\" \/>\n<meta property=\"og:type\" content=\"article\" \/>\n<meta property=\"og:title\" content=\"Our Achievements - AEVCPV\" \/>\n<meta property=\"og:description\" content=\"Juin 19, 2025 Renforcement des coop\u00e9ratives agricoles dans la province de Gitega Dans la province de Gitega, plusieurs coop\u00e9ratives agricoles jouent un r\u00f4le essentiel dans l\u2019am\u00e9lioration des conditions de vie\" \/>\n<meta property=\"og:url\" content=\"https:\/\/aevcpv.org\/en\/our-achievements\/\" \/>\n<meta property=\"og:site_name\" content=\"AEVCPV\" \/>\n<meta property=\"article:modified_time\" content=\"2026-02-12T20:23:20+00:00\" \/>\n<meta property=\"og:image\" content=\"https:\/\/aevcpv.orgwp-content\/uploads\/2025\/06\/featured4.jpeg\" \/>\n<meta name=\"twitter:card\" content=\"summary_large_image\" \/>\n<meta name=\"twitter:label1\" content=\"Est. reading time\" \/>\n\t<meta name=\"twitter:data1\" content=\"2 minutes\" \/>\n<script type=\"application\/ld+json\" class=\"yoast-schema-graph\">{\"@context\":\"https:\\\/\\\/schema.org\",\"@graph\":[{\"@type\":\"WebPage\",\"@id\":\"https:\\\/\\\/aevcpv.org\\\/en\\\/our-achievements\\\/\",\"url\":\"https:\\\/\\\/aevcpv.org\\\/en\\\/our-achievements\\\/\",\"name\":\"Our Achievements - AEVCPV\",\"isPartOf\":{\"@id\":\"https:\\\/\\\/aevcpv.org\\\/en\\\/#website\"},\"primaryImageOfPage\":{\"@id\":\"https:\\\/\\\/aevcpv.org\\\/en\\\/our-achievements\\\/#primaryimage\"},\"image\":{\"@id\":\"https:\\\/\\\/aevcpv.org\\\/en\\\/our-achievements\\\/#primaryimage\"},\"thumbnailUrl\":\"https:\\\/\\\/aevcpv.orgwp-content\\\/uploads\\\/2025\\\/06\\\/featured4.jpeg\",\"datePublished\":\"2025-07-19T08:11:13+00:00\",\"dateModified\":\"2026-02-12T20:23:20+00:00\",\"breadcrumb\":{\"@id\":\"https:\\\/\\\/aevcpv.org\\\/en\\\/our-achievements\\\/#breadcrumb\"},\"inLanguage\":\"en-US\",\"potentialAction\":[{\"@type\":\"ReadAction\",\"target\":[\"https:\\\/\\\/aevcpv.org\\\/en\\\/our-achievements\\\/\"]}]},{\"@type\":\"ImageObject\",\"inLanguage\":\"en-US\",\"@id\":\"https:\\\/\\\/aevcpv.org\\\/en\\\/our-achievements\\\/#primaryimage\",\"url\":\"https:\\\/\\\/aevcpv.orgwp-content\\\/uploads\\\/2025\\\/06\\\/featured4.jpeg\",\"contentUrl\":\"https:\\\/\\\/aevcpv.orgwp-content\\\/uploads\\\/2025\\\/06\\\/featured4.jpeg\"},{\"@type\":\"BreadcrumbList\",\"@id\":\"https:\\\/\\\/aevcpv.org\\\/en\\\/our-achievements\\\/#breadcrumb\",\"itemListElement\":[{\"@type\":\"ListItem\",\"position\":1,\"name\":\"Accueil\",\"item\":\"https:\\\/\\\/aevcpv.org\\\/en\\\/\"},{\"@type\":\"ListItem\",\"position\":2,\"name\":\"Our Achievements\"}]},{\"@type\":\"WebSite\",\"@id\":\"https:\\\/\\\/aevcpv.org\\\/en\\\/#website\",\"url\":\"https:\\\/\\\/aevcpv.org\\\/en\\\/\",\"name\":\"AEVCPV\",\"description\":\"\",\"potentialAction\":[{\"@type\":\"SearchAction\",\"target\":{\"@type\":\"EntryPoint\",\"urlTemplate\":\"https:\\\/\\\/aevcpv.org\\\/en\\\/?s={search_term_string}\"},\"query-input\":{\"@type\":\"PropertyValueSpecification\",\"valueRequired\":true,\"valueName\":\"search_term_string\"}}],\"inLanguage\":\"en-US\"}]}<\/script>\n<!-- \/ Yoast SEO plugin. -->","yoast_head_json":{"title":"Our Achievements - AEVCPV","robots":{"index":"index","follow":"follow","max-snippet":"max-snippet:-1","max-image-preview":"max-image-preview:large","max-video-preview":"max-video-preview:-1"},"canonical":"https:\/\/aevcpv.org\/en\/our-achievements\/","og_locale":"en_US","og_type":"article","og_title":"Our Achievements - AEVCPV","og_description":"Juin 19, 2025 Renforcement des coop\u00e9ratives agricoles dans la province de Gitega Dans la province de Gitega, plusieurs coop\u00e9ratives agricoles jouent un r\u00f4le essentiel dans l\u2019am\u00e9lioration des conditions de vie","og_url":"https:\/\/aevcpv.org\/en\/our-achievements\/","og_site_name":"AEVCPV","article_modified_time":"2026-02-12T20:23:20+00:00","og_image":[{"url":"https:\/\/aevcpv.orgwp-content\/uploads\/2025\/06\/featured4.jpeg","type":"","width":"","height":""}],"twitter_card":"summary_large_image","twitter_misc":{"Est. reading time":"2 minutes"},"schema":{"@context":"https:\/\/schema.org","@graph":[{"@type":"WebPage","@id":"https:\/\/aevcpv.org\/en\/our-achievements\/","url":"https:\/\/aevcpv.org\/en\/our-achievements\/","name":"Our Achievements - AEVCPV","isPartOf":{"@id":"https:\/\/aevcpv.org\/en\/#website"},"primaryImageOfPage":{"@id":"https:\/\/aevcpv.org\/en\/our-achievements\/#primaryimage"},"image":{"@id":"https:\/\/aevcpv.org\/en\/our-achievements\/#primaryimage"},"thumbnailUrl":"https:\/\/aevcpv.orgwp-content\/uploads\/2025\/06\/featured4.jpeg","datePublished":"2025-07-19T08:11:13+00:00","dateModified":"2026-02-12T20:23:20+00:00","breadcrumb":{"@id":"https:\/\/aevcpv.org\/en\/our-achievements\/#breadcrumb"},"inLanguage":"en-US","potentialAction":[{"@type":"ReadAction","target":["https:\/\/aevcpv.org\/en\/our-achievements\/"]}]},{"@type":"ImageObject","inLanguage":"en-US","@id":"https:\/\/aevcpv.org\/en\/our-achievements\/#primaryimage","url":"https:\/\/aevcpv.orgwp-content\/uploads\/2025\/06\/featured4.jpeg","contentUrl":"https:\/\/aevcpv.orgwp-content\/uploads\/2025\/06\/featured4.jpeg"},{"@type":"BreadcrumbList","@id":"https:\/\/aevcpv.org\/en\/our-achievements\/#breadcrumb","itemListElement":[{"@type":"ListItem","position":1,"name":"Accueil","item":"https:\/\/aevcpv.org\/en\/"},{"@type":"ListItem","position":2,"name":"Our Achievements"}]},{"@type":"WebSite","@id":"https:\/\/aevcpv.org\/en\/#website","url":"https:\/\/aevcpv.org\/en\/","name":"AEVCPV","description":"","potentialAction":[{"@type":"SearchAction","target":{"@type":"EntryPoint","urlTemplate":"https:\/\/aevcpv.org\/en\/?s={search_term_string}"},"query-input":{"@type":"PropertyValueSpecification","valueRequired":true,"valueName":"search_term_string"}}],"inLanguage":"en-US"}]}},"campaignId":"","ticketed":false,"_links":{"self":[{"href":"https:\/\/aevcpv.org\/en\/wp-json\/wp\/v2\/pages\/8969","targetHints":{"allow":["GET"]}}],"collection":[{"href":"https:\/\/aevcpv.org\/en\/wp-json\/wp\/v2\/pages"}],"about":[{"href":"https:\/\/aevcpv.org\/en\/wp-json\/wp\/v2\/types\/page"}],"author":[{"embeddable":true,"href":"https:\/\/aevcpv.org\/en\/wp-json\/wp\/v2\/users\/1"}],"replies":[{"embeddable":true,"href":"https:\/\/aevcpv.org\/en\/wp-json\/wp\/v2\/comments?post=8969"}],"version-history":[{"count":0,"href":"https:\/\/aevcpv.org\/en\/wp-json\/wp\/v2\/pages\/8969\/revisions"}],"wp:attachment":[{"href":"https:\/\/aevcpv.org\/en\/wp-json\/wp\/v2\/media?parent=8969"}],"curies":[{"name":"wp","href":"https:\/\/api.w.org\/{rel}","templated":true}]}}